{"id":6450,"date":"2017-10-04T08:38:46","date_gmt":"2017-10-04T06:38:46","guid":{"rendered":"http:\/\/magtours.com\/web\/?page_id=6450"},"modified":"2017-10-04T11:15:06","modified_gmt":"2017-10-04T09:15:06","slug":"cetina-river-rafting","status":"publish","type":"page","link":"http:\/\/magtours.com\/web\/cetina-river-rafting\/","title":{"rendered":"CETINA RIVER RAFTING"},"content":{"rendered":"<div class=\"wpb-content-wrapper\"><p>[vc_row full_width=&#8221;1&#8243;][vc_column][vc_single_image image=&#8221;6522&#8243; img_size=&#8221;full&#8221; vc_none_hover_effect=&#8221;&#8221;][\/vc_column][\/vc_row][vc_row css=&#8221;.vc_custom_1506422373361{margin-bottom: 0px !important;}&#8221;][vc_column width=&#8221;2\/3&#8243;][vc_empty_space 0=&#8221;&#8221; height=&#8221;10px&#8221;][vc_cta h2=&#8221;Min. 2 &#8211; max 30 people per group&#8221; h2_font_container=&#8221;font_size:20|color:%23004a8c|line_height:2&#8243; h2_google_fonts=&#8221;font_family:Open%20Sans%3A300%2C300italic%2Cregular%2Citalic%2C600%2C600italic%2C700%2C700italic%2C800%2C800italic|font_style:600%20bold%20regular%3A600%3Anormal&#8221; h2_css_animation=&#8221;fadeIn&#8221; h4=&#8221;Larger groups on request&#8221; h4_font_container=&#8221;font_size:15|color:%23004a8c|line_height:0&#8243; h4_google_fonts=&#8221;font_family:Open%20Sans%3A300%2C300italic%2Cregular%2Citalic%2C600%2C600italic%2C700%2C700italic%2C800%2C800italic|font_style:300%20light%20regular%3A300%3Anormal&#8221; h4_css_animation=&#8221;fadeInDown&#8221; shape=&#8221;square&#8221; style=&#8221;custom&#8221; add_icon=&#8221;left&#8221; i_icon_fontawesome=&#8221;fa fa-info&#8221; i_color=&#8221;custom&#8221; i_background_style=&#8221;rounded&#8221; i_size=&#8221;sm&#8221; css_animation=&#8221;none&#8221; use_custom_fonts_h2=&#8221;true&#8221; use_custom_fonts_h4=&#8221;true&#8221; custom_background=&#8221;#eac946&#8243; i_custom_color=&#8221;#004a8c&#8221;][\/vc_cta][vc_cta h2=&#8221;TRIP DESCRIPTION&#8221; h2_font_container=&#8221;color:%23004a8c&#8221; h2_google_fonts=&#8221;font_family:Open%20Sans%3A300%2C300italic%2Cregular%2Citalic%2C600%2C600italic%2C700%2C700italic%2C800%2C800italic|font_style:600%20bold%20regular%3A600%3Anormal&#8221; h2_css_animation=&#8221;fadeIn&#8221; h4_font_container=&#8221;color:%23e8b920&#8243; h4_google_fonts=&#8221;font_family:Open%20Sans%3A300%2C300italic%2Cregular%2Citalic%2C600%2C600italic%2C700%2C700italic%2C800%2C800italic|font_style:300%20light%20regular%3A300%3Anormal&#8221; h4_css_animation=&#8221;fadeInDown&#8221; style=&#8221;custom&#8221; css_animation=&#8221;none&#8221; use_custom_fonts_h2=&#8221;true&#8221; use_custom_fonts_h4=&#8221;true&#8221; custom_text=&#8221;#004a8c&#8221;]<\/p>\n<p class=\"p1\">The rapids of this river are relatively easy and the scenery is breath-taking &#8211; waterfalls and caves, deep canyon and jungle-like vegetation surrounding the clear, green river. The warm Mediterranean climate makes canyon and river look like taken out from a fairy-tale. The rafting trip ends in Radmanove Mlinice, with an open-air restaurant situated around a beautiful old water mill where you can relax and enjoy a traditional Croatian meal. Location: South Dalmatia, Omi\u0161 Distance from \u0160ibenik: 124 km Day activities: rafting, walking, swimming.<\/p>\n<p><strong>ACTIVITY LEVEL<\/strong><\/p>\n<p class=\"p1\">No previous rafting experience is required so even children aged 6 years and older can participate if accompanied by parents. We use professional SOTAR rafting boats for max 8 people, with a trained guide in every boat. You will get a life jacket, a paddle and a helmet, plus long neoprene suits and rain jackets in case of cold weather. Waterproof containers are available for personal items (camera, drinks, etc.). Don&#8217;t forget to bring shorts or a bathing suit, a T-shirt, spare clothes, socks and sandals (or sport shoes), a towel, sun cream and water. In case of colder weather take a long-sleeved shirt.<\/p>\n<p>[\/vc_cta][vc_cta h2=&#8221;ITINERARY -All day guided cruise&#8221; shape=&#8221;square&#8221; style=&#8221;custom&#8221; css_animation=&#8221;none&#8221; custom_text=&#8221;#004a8c&#8221;]<strong>09:00<\/strong>\u00a0 \u00a0 \u00a0 \u00a0 \u00a0 \u00a0 \u00a0 \u00a0 \u00a0 \u00a0Departure with driver and guide to the city center<\/p>\n<p><strong>10:15 &#8211; 13:00<\/strong>\u00a0 \u00a0 \u00a0Walking tour of city center with lunch on Barone fortress included<\/p>\n<p><strong>13:00 &#8211; 14:00<\/strong>\u00a0 \u00a0 \u00a0Tasting of local product &#8211; Barone memories<\/p>\n<p><strong>14.00<\/strong>\u00a0 \u00a0 \u00a0 \u00a0 \u00a0 \u00a0 \u00a0 \u00a0 \u00a0 \u00a0 \u00a0Return to hotel[\/vc_cta][vc_empty_space height=&#8221;15px&#8221;][\/vc_column][vc_column width=&#8221;1\/3&#8243;][vc_empty_space 0=&#8221;&#8221; height=&#8221;10px&#8221;][vc_cta h2=&#8221;INFO &amp; BOOKING&#8221; h2_font_container=&#8221;font_size:28|color:%23004a8c|line_height:2&#8243; h2_google_fonts=&#8221;font_family:Open%20Sans%3A300%2C300italic%2Cregular%2Citalic%2C600%2C600italic%2C700%2C700italic%2C800%2C800italic|font_style:600%20bold%20regular%3A600%3Anormal&#8221; h2_css_animation=&#8221;fadeIn&#8221; shape=&#8221;square&#8221; style=&#8221;custom&#8221; add_icon=&#8221;left&#8221; i_icon_fontawesome=&#8221;fa fa-envelope-o&#8221; i_color=&#8221;custom&#8221; i_background_style=&#8221;rounded&#8221; i_size=&#8221;sm&#8221; css_animation=&#8221;none&#8221; use_custom_fonts_h2=&#8221;true&#8221; custom_background=&#8221;#eac946&#8243; i_custom_color=&#8221;#004a8c&#8221; i_link=&#8221;url:http%3A%2F%2Fmagtours.com%2Fweb%2Fcontact-2%2F|||&#8221; h2_link=&#8221;url:http%3A%2F%2Fmagtours.com%2Fweb%2Fcontact-2%2F|||&#8221;][\/vc_cta][vc_cta h2=&#8221;Adults&#8221; h2_font_container=&#8221;color:%23ffffff&#8221; h2_google_fonts=&#8221;font_family:Open%20Sans%3A300%2C300italic%2Cregular%2Citalic%2C600%2C600italic%2C700%2C700italic%2C800%2C800italic|font_style:600%20bold%20regular%3A600%3Anormal&#8221; h2_css_animation=&#8221;fadeIn&#8221; h4=&#8221;minimum 2 pax&#8221; h4_font_container=&#8221;color:%23e8b920&#8243; h4_google_fonts=&#8221;font_family:Open%20Sans%3A300%2C300italic%2Cregular%2Citalic%2C600%2C600italic%2C700%2C700italic%2C800%2C800italic|font_style:300%20light%20regular%3A300%3Anormal&#8221; h4_css_animation=&#8221;fadeInDown&#8221; style=&#8221;custom&#8221; add_button=&#8221;bottom&#8221; btn_title=&#8221;35 EUR&#8221; btn_color=&#8221;default&#8221; btn_align=&#8221;right&#8221; css_animation=&#8221;none&#8221; use_custom_fonts_h2=&#8221;true&#8221; use_custom_fonts_h4=&#8221;true&#8221; custom_background=&#8221;#004a8c&#8221;][\/vc_cta][vc_cta h2=&#8221;DIFFICULTY: Moderate&#8221; h2_font_container=&#8221;font_size:15|color:%23004a8c|line_height:1&#8243; h2_google_fonts=&#8221;font_family:Open%20Sans%3A300%2C300italic%2Cregular%2Citalic%2C600%2C600italic%2C700%2C700italic%2C800%2C800italic|font_style:600%20bold%20regular%3A600%3Anormal&#8221; h2_css_animation=&#8221;fadeIn&#8221; h4=&#8221;DURATION: 3 hours&#8221; h4_font_container=&#8221;font_size:12|color:%23004a8c|line_height:0&#8243; h4_google_fonts=&#8221;font_family:Open%20Sans%3A300%2C300italic%2Cregular%2Citalic%2C600%2C600italic%2C700%2C700italic%2C800%2C800italic|font_style:300%20light%20regular%3A300%3Anormal&#8221; h4_css_animation=&#8221;fadeInDown&#8221; shape=&#8221;square&#8221; style=&#8221;custom&#8221; add_icon=&#8221;left&#8221; i_icon_fontawesome=&#8221;fa fa-flag-checkered&#8221; i_color=&#8221;custom&#8221; i_background_style=&#8221;rounded&#8221; i_size=&#8221;sm&#8221; css_animation=&#8221;none&#8221; use_custom_fonts_h2=&#8221;true&#8221; use_custom_fonts_h4=&#8221;true&#8221; custom_background=&#8221;#eac946&#8243; i_custom_color=&#8221;#004a8c&#8221;][\/vc_cta][vc_empty_space height=&#8221;90px&#8221;][vc_cta h2=&#8221;WEATHER&#8221; h2_font_container=&#8221;color:%23004a8c&#8221; h2_google_fonts=&#8221;font_family:Open%20Sans%3A300%2C300italic%2Cregular%2Citalic%2C600%2C600italic%2C700%2C700italic%2C800%2C800italic|font_style:600%20bold%20regular%3A600%3Anormal&#8221; h2_css_animation=&#8221;fadeIn&#8221; h4_font_container=&#8221;color:%23e8b920&#8243; h4_google_fonts=&#8221;font_family:Open%20Sans%3A300%2C300italic%2Cregular%2Citalic%2C600%2C600italic%2C700%2C700italic%2C800%2C800italic|font_style:300%20light%20regular%3A300%3Anormal&#8221; h4_css_animation=&#8221;fadeInDown&#8221; style=&#8221;custom&#8221; css_animation=&#8221;none&#8221; use_custom_fonts_h2=&#8221;true&#8221; use_custom_fonts_h4=&#8221;true&#8221; custom_text=&#8221;#004a8c&#8221;]<\/p>\n<p class=\"p1\">In the unlikely case of extreme weather conditions, Raftrek Adventure Travel will reschedule the activity for a day or two prior or after the date booked, if possible. If the rescheduling is not possible, the payments will be fully refunded.<\/p>\n<p>[\/vc_cta][vc_empty_space height=&#8221;15px&#8221;][\/vc_column][\/vc_row][vc_row 0=&#8221;&#8221; row_mask_bg=&#8221;&#8221; row_arrow=&#8221;&#8221;][vc_column 0=&#8221;&#8221; width=&#8221;1\/6&#8243;][vc_single_image image=&#8221;5968&#8243; img_size=&#8221;medium&#8221; vc_none_hover_effect=&#8221;&#8221;][\/vc_column][vc_column width=&#8221;1\/6&#8243;][vc_single_image image=&#8221;6254&#8243; img_size=&#8221;medium&#8221; vc_none_hover_effect=&#8221;&#8221;][\/vc_column][vc_column width=&#8221;1\/6&#8243;][vc_single_image image=&#8221;6258&#8243; img_size=&#8221;medium&#8221; vc_none_hover_effect=&#8221;&#8221;][\/vc_column][vc_column width=&#8221;1\/6&#8243;][vc_single_image image=&#8221;6258&#8243; img_size=&#8221;medium&#8221; vc_none_hover_effect=&#8221;&#8221;][\/vc_column][vc_column width=&#8221;1\/6&#8243;][vc_single_image image=&#8221;6258&#8243; img_size=&#8221;medium&#8221; vc_none_hover_effect=&#8221;&#8221;][\/vc_column][vc_column width=&#8221;1\/6&#8243;][vc_single_image image=&#8221;6258&#8243; img_size=&#8221;medium&#8221; vc_none_hover_effect=&#8221;&#8221;][\/vc_column][\/vc_row][vc_row][vc_column][vc_separator color=&#8221;custom&#8221; accent_color=&#8221;#eac946&#8243;][\/vc_column][\/vc_row][vc_row][vc_column width=&#8221;1\/2&#8243;][vc_cta h2=&#8221;INCLUDED&#8221; h2_font_container=&#8221;font_size:20|color:%23004a8c|line_height:0&#8243; h2_google_fonts=&#8221;font_family:Open%20Sans%3A300%2C300italic%2Cregular%2Citalic%2C600%2C600italic%2C700%2C700italic%2C800%2C800italic|font_style:400%20regular%3A400%3Anormal&#8221; shape=&#8221;square&#8221; style=&#8221;flat&#8221; color=&#8221;white&#8221; use_custom_fonts_h2=&#8221;true&#8221; css=&#8221;.vc_custom_1507108412110{background-color: #ffffff !important;}&#8221;]<\/p>\n<ul>\n<li>Guide<\/li>\n<li>Necessaryequipment<\/li>\n<li>Insurance<\/li>\n<\/ul>\n<p>[\/vc_cta][\/vc_column][vc_column width=&#8221;1\/2&#8243;][vc_cta h2=&#8221;NOT INCLUDED&#8221; h2_font_container=&#8221;font_size:20|color:%23004a8c|line_height:0&#8243; h2_google_fonts=&#8221;font_family:Open%20Sans%3A300%2C300italic%2Cregular%2Citalic%2C600%2C600italic%2C700%2C700italic%2C800%2C800italic|font_style:400%20regular%3A400%3Anormal&#8221; shape=&#8221;square&#8221; style=&#8221;flat&#8221; use_custom_fonts_h2=&#8221;true&#8221; css=&#8221;.vc_custom_1507108504173{background-color: #ffffff !important;}&#8221;]<\/p>\n<ul>\n<li>Transfer \u0160ibenik-Omi\u0161-\u0160ibenik\u00a0 \u00a0 \u00a0 \u00a0 \u00a0 \u00a0 \u00a0 \u00a0 \u00a0 \u00a0 \u00a0 \u00a0 \u00a0 \u00a0 \u00a0 \u00a0 \u00a0 \u00a0 \u00a0 \u00a0 \u00a0 \u00a0 \u00a0 \u00a0 \u00a0 \u00a0 \u00a0 \u00a0 \u00a0 \u00a0 \u00a0 \u00a0 \u00a0 \u00a0 \u00a0 available on request 200 EUR (max 7 guests)<\/li>\n<li>Lunch &#8211; can be arranged in selected restaurant<\/li>\n<li>Tips<\/li>\n<\/ul>\n<p>[\/vc_cta][\/vc_column][\/vc_row][vc_row][vc_column][vc_separator color=&#8221;custom&#8221; accent_color=&#8221;#eac946&#8243;][vc_empty_space height=&#8221;15px&#8221;][\/vc_column][\/vc_row][vc_row full_width=&#8221;1&#8243; bg_style=&#8221;bg-effect-lg&#8221; row_mask_bg=&#8221;&#8221; row_arrow=&#8221;&#8221; el_class=&#8221;p-20-cont&#8221; row_id=&#8221;contact-link&#8221; css=&#8221;.vc_custom_1506686303106{background-color: #d6d6d6 !important;}&#8221;][vc_column width=&#8221;1\/6&#8243;][\/vc_column][vc_column width=&#8221;1\/6&#8243;][vc_empty_space height=&#8221;10px&#8221;][vc_custom_heading text=&#8221;INFO &amp; BOOKING&#8221; font_container=&#8221;tag:h3|font_size:25px|text_align:left|color:%23124f8c&#8221; google_fonts=&#8221;font_family:Lato%3A100%2C100italic%2C300%2C300italic%2Cregular%2Citalic%2C700%2C700italic%2C900%2C900italic|font_style:700%20bold%20regular%3A700%3Anormal&#8221; cms_heading_specolor=&#8221;true&#8221; link=&#8221;url:http%3A%2F%2Fmagtours.com%2Fweb%2Fcontact-2%2F|||&#8221;][\/vc_column][vc_column width=&#8221;1\/6&#8243;][cms_contact_info icon_type=&#8221;lineaicon&#8221; icon_lineaicon=&#8221;icon icon-basic-mail&#8221; cms_template=&#8221;cms_contact_info.php&#8221;]<a href=\"mailto:magtours@magtours.com\">magtours@magtours.com<\/a><\/p>\n<p>Draga 1, 22 000 \u0160ibenik<\/p>\n<p>CROATIA[\/cms_contact_info][\/vc_column][vc_column width=&#8221;1\/2&#8243;][cms_contact_info title=&#8221;CALL US&#8221; icon_type=&#8221;elegant&#8221; icon_elegant=&#8221;icon_mobile&#8221; cms_template=&#8221;cms_contact_info.php&#8221;]tel:\u00a0 \u00a0+385 22 201 150<\/p>\n<p>fax:\u00a0 \u00a0+385 22 201 155<\/p>\n<p>mob: +385 98 291 814[\/cms_contact_info][\/vc_column][\/vc_row][vc_column][\/vc_column][vc_column width=&#8221;2\/3&#8243;][\/vc_column][vc_column][\/vc_column][vc_column][\/vc_column][vc_column width=&#8221;2\/3&#8243;][\/vc_column][vc_column][\/vc_column][vc_column 0=&#8221;&#8221;][\/vc_column]<\/p>\n<\/div>","protected":false},"excerpt":{"rendered":"<p>[vc_row full_width=&#8221;1&#8243;][vc_column][vc_single_image image=&#8221;6522&#8243; img_size=&#8221;full&#8221; vc_none_hover_effect=&#8221;&#8221;][\/vc_column][\/vc_row][vc_row css=&#8221;.vc_custom_1506422373361{margin-bottom: 0px !important;}&#8221;][vc_column width=&#8221;2\/3&#8243;][vc_empty_space 0=&#8221;&#8221; height=&#8221;10px&#8221;][vc_cta h2=&#8221;Min. 2 &#8211; max 30 people per group&#8221; h2_font_container=&#8221;font_size:20|color:%23004a8c|line_height:2&#8243; h2_google_fonts=&#8221;font_family:Open%20Sans%3A300%2C300italic%2Cregular%2Citalic%2C600%2C600italic%2C700%2C700italic%2C800%2C800italic|font_style:600%20bold%20regular%3A600%3Anormal&#8221; h2_css_animation=&#8221;fadeIn&#8221; h4=&#8221;Larger groups on<\/p>\n","protected":false},"author":2,"featured_media":0,"parent":0,"menu_order":0,"comment_status":"closed","ping_status":"closed","template":"","meta":{"footnotes":""},"class_list":["post-6450","page","type-page","status-publish","hentry"],"_links":{"self":[{"href":"http:\/\/magtours.com\/web\/wp-json\/wp\/v2\/pages\/6450","targetHints":{"allow":["GET"]}}],"collection":[{"href":"http:\/\/magtours.com\/web\/wp-json\/wp\/v2\/pages"}],"about":[{"href":"http:\/\/magtours.com\/web\/wp-json\/wp\/v2\/types\/page"}],"author":[{"embeddable":true,"href":"http:\/\/magtours.com\/web\/wp-json\/wp\/v2\/users\/2"}],"replies":[{"embeddable":true,"href":"http:\/\/magtours.com\/web\/wp-json\/wp\/v2\/comments?post=6450"}],"version-history":[{"count":9,"href":"http:\/\/magtours.com\/web\/wp-json\/wp\/v2\/pages\/6450\/revisions"}],"predecessor-version":[{"id":6530,"href":"http:\/\/magtours.com\/web\/wp-json\/wp\/v2\/pages\/6450\/revisions\/6530"}],"wp:attachment":[{"href":"http:\/\/magtours.com\/web\/wp-json\/wp\/v2\/media?parent=6450"}],"curies":[{"name":"wp","href":"https:\/\/api.w.org\/{rel}","templated":true}]}}