{"id":6444,"date":"2017-10-04T08:37:27","date_gmt":"2017-10-04T06:37:27","guid":{"rendered":"http:\/\/magtours.com\/web\/?page_id=6444"},"modified":"2017-10-04T09:39:49","modified_gmt":"2017-10-04T07:39:49","slug":"bike-adventures-sibenik","status":"publish","type":"page","link":"http:\/\/magtours.com\/web\/bike-adventures-sibenik\/","title":{"rendered":"BIKE ADVENTURES \u0160IBENIK"},"content":{"rendered":"<div class=\"wpb-content-wrapper\"><p>[vc_row full_width=&#8221;1&#8243;][vc_column][vc_single_image image=&#8221;6490&#8243; img_size=&#8221;full&#8221; vc_none_hover_effect=&#8221;&#8221;][\/vc_column][\/vc_row][vc_row css=&#8221;.vc_custom_1506422373361{margin-bottom: 0px !important;}&#8221;][vc_column width=&#8221;2\/3&#8243;][vc_empty_space 0=&#8221;&#8221; height=&#8221;10px&#8221;][vc_cta h2=&#8221;DAILY&#8221; h2_font_container=&#8221;font_size:20|color:%23004a8c|line_height:2&#8243; h2_google_fonts=&#8221;font_family:Open%20Sans%3A300%2C300italic%2Cregular%2Citalic%2C600%2C600italic%2C700%2C700italic%2C800%2C800italic|font_style:600%20bold%20regular%3A600%3Anormal&#8221; h2_css_animation=&#8221;fadeIn&#8221; h4=&#8221;Small groups (4 &#8211; up to 15 people)&#8221; h4_font_container=&#8221;font_size:15|color:%23004a8c|line_height:0&#8243; h4_google_fonts=&#8221;font_family:Open%20Sans%3A300%2C300italic%2Cregular%2Citalic%2C600%2C600italic%2C700%2C700italic%2C800%2C800italic|font_style:300%20light%20regular%3A300%3Anormal&#8221; h4_css_animation=&#8221;fadeInDown&#8221; shape=&#8221;square&#8221; style=&#8221;custom&#8221; add_icon=&#8221;left&#8221; i_icon_fontawesome=&#8221;fa fa-info&#8221; i_color=&#8221;custom&#8221; i_background_style=&#8221;rounded&#8221; i_size=&#8221;sm&#8221; css_animation=&#8221;none&#8221; use_custom_fonts_h2=&#8221;true&#8221; use_custom_fonts_h4=&#8221;true&#8221; custom_background=&#8221;#eac946&#8243; i_custom_color=&#8221;#004a8c&#8221;][\/vc_cta][vc_cta h2=&#8221;&#8221; h2_font_container=&#8221;color:%23004a8c&#8221; h2_google_fonts=&#8221;font_family:Open%20Sans%3A300%2C300italic%2Cregular%2Citalic%2C600%2C600italic%2C700%2C700italic%2C800%2C800italic|font_style:600%20bold%20regular%3A600%3Anormal&#8221; h2_css_animation=&#8221;fadeIn&#8221; h4_font_container=&#8221;color:%23e8b920&#8243; h4_google_fonts=&#8221;font_family:Open%20Sans%3A300%2C300italic%2Cregular%2Citalic%2C600%2C600italic%2C700%2C700italic%2C800%2C800italic|font_style:300%20light%20regular%3A300%3Anormal&#8221; h4_css_animation=&#8221;fadeInDown&#8221; style=&#8221;custom&#8221; css_animation=&#8221;none&#8221; use_custom_fonts_h2=&#8221;true&#8221; use_custom_fonts_h4=&#8221;true&#8221; custom_text=&#8221;#004a8c&#8221;]<\/p>\n<p class=\"p1\">Cycling keeps everybody young in spirit! There is really no better way to get around, have fun, see new things, enjoy in the fascinating beauty of the country and stay healthy and active.<\/p>\n<p>[\/vc_cta][vc_cta h2=&#8221;ITINERARY -St. Anthony Channel bike tour&#8221; shape=&#8221;square&#8221; style=&#8221;custom&#8221; css_animation=&#8221;none&#8221; custom_text=&#8221;#004a8c&#8221;]The route is dominated by a winding path wit beautiful panoramic views of \u0160ibenik and its fortresses. Especially prominent is the Fortress of St. Nicholas, raised in mid 16th century at the entrance to St. Anthony Channel, a narrow sea passage leading to \u0160ibenik. The path has a lot of small beaches and is perfect for a half-day trip. After the channel we pass through a town of Zabla\u0107e where we stop for refreshments (as prefered by the group). The route takes us next to great lake of Zabla\u0107e, over the paved road back to starting point at \u0160ibenik.[\/vc_cta][vc_empty_space height=&#8221;15px&#8221;][\/vc_column][vc_column width=&#8221;1\/3&#8243;][vc_empty_space 0=&#8221;&#8221; height=&#8221;10px&#8221;][vc_cta h2=&#8221;INFO &amp; BOOKING&#8221; h2_font_container=&#8221;font_size:28|color:%23004a8c|line_height:2&#8243; h2_google_fonts=&#8221;font_family:Open%20Sans%3A300%2C300italic%2Cregular%2Citalic%2C600%2C600italic%2C700%2C700italic%2C800%2C800italic|font_style:600%20bold%20regular%3A600%3Anormal&#8221; h2_css_animation=&#8221;fadeIn&#8221; shape=&#8221;square&#8221; style=&#8221;custom&#8221; add_icon=&#8221;left&#8221; i_icon_fontawesome=&#8221;fa fa-envelope-o&#8221; i_color=&#8221;custom&#8221; i_background_style=&#8221;rounded&#8221; i_size=&#8221;sm&#8221; css_animation=&#8221;none&#8221; use_custom_fonts_h2=&#8221;true&#8221; custom_background=&#8221;#eac946&#8243; i_custom_color=&#8221;#004a8c&#8221; i_link=&#8221;url:http%3A%2F%2Fmagtours.com%2Fweb%2Fcontact-2%2F|||&#8221; h2_link=&#8221;url:http%3A%2F%2Fmagtours.com%2Fweb%2Fcontact-2%2F|||&#8221;][\/vc_cta][vc_cta h2=&#8221;Adults&#8221; h2_font_container=&#8221;color:%23ffffff&#8221; h2_google_fonts=&#8221;font_family:Open%20Sans%3A300%2C300italic%2Cregular%2Citalic%2C600%2C600italic%2C700%2C700italic%2C800%2C800italic|font_style:600%20bold%20regular%3A600%3Anormal&#8221; h2_css_animation=&#8221;fadeIn&#8221; h4=&#8221;minimum 4 pax&#8221; h4_font_container=&#8221;color:%23e8b920&#8243; h4_google_fonts=&#8221;font_family:Open%20Sans%3A300%2C300italic%2Cregular%2Citalic%2C600%2C600italic%2C700%2C700italic%2C800%2C800italic|font_style:300%20light%20regular%3A300%3Anormal&#8221; h4_css_animation=&#8221;fadeInDown&#8221; style=&#8221;custom&#8221; add_button=&#8221;bottom&#8221; btn_title=&#8221;50 EUR&#8221; btn_color=&#8221;default&#8221; btn_align=&#8221;right&#8221; css_animation=&#8221;none&#8221; use_custom_fonts_h2=&#8221;true&#8221; use_custom_fonts_h4=&#8221;true&#8221; custom_background=&#8221;#004a8c&#8221;][\/vc_cta][vc_cta h2=&#8221;Adults&#8221; h2_font_container=&#8221;color:%23ffffff&#8221; h2_google_fonts=&#8221;font_family:Open%20Sans%3A300%2C300italic%2Cregular%2Citalic%2C600%2C600italic%2C700%2C700italic%2C800%2C800italic|font_style:600%20bold%20regular%3A600%3Anormal&#8221; h2_css_animation=&#8221;fadeIn&#8221; h4=&#8221;for smaller groups from 1-3 pax&#8221; h4_font_container=&#8221;color:%23e8b920&#8243; h4_google_fonts=&#8221;font_family:Open%20Sans%3A300%2C300italic%2Cregular%2Citalic%2C600%2C600italic%2C700%2C700italic%2C800%2C800italic|font_style:300%20light%20regular%3A300%3Anormal&#8221; h4_css_animation=&#8221;fadeInDown&#8221; style=&#8221;custom&#8221; add_button=&#8221;bottom&#8221; btn_title=&#8221;80 EUR&#8221; btn_color=&#8221;default&#8221; btn_align=&#8221;right&#8221; css_animation=&#8221;none&#8221; use_custom_fonts_h2=&#8221;true&#8221; use_custom_fonts_h4=&#8221;true&#8221; custom_background=&#8221;#004a8c&#8221;][\/vc_cta][vc_cta h2=&#8221;DIFFICULTY&#8221; h2_font_container=&#8221;font_size:15|color:%23004a8c|line_height:1&#8243; h2_google_fonts=&#8221;font_family:Open%20Sans%3A300%2C300italic%2Cregular%2Citalic%2C600%2C600italic%2C700%2C700italic%2C800%2C800italic|font_style:600%20bold%20regular%3A600%3Anormal&#8221; h2_css_animation=&#8221;fadeIn&#8221; h4=&#8221;2\/5&#8243; h4_font_container=&#8221;font_size:12|color:%23004a8c|line_height:0&#8243; h4_google_fonts=&#8221;font_family:Open%20Sans%3A300%2C300italic%2Cregular%2Citalic%2C600%2C600italic%2C700%2C700italic%2C800%2C800italic|font_style:300%20light%20regular%3A300%3Anormal&#8221; h4_css_animation=&#8221;fadeInDown&#8221; shape=&#8221;square&#8221; style=&#8221;custom&#8221; add_icon=&#8221;left&#8221; i_icon_fontawesome=&#8221;fa fa-bicycle&#8221; i_color=&#8221;custom&#8221; i_background_style=&#8221;rounded&#8221; i_size=&#8221;sm&#8221; css_animation=&#8221;none&#8221; use_custom_fonts_h2=&#8221;true&#8221; use_custom_fonts_h4=&#8221;true&#8221; custom_background=&#8221;#eac946&#8243; i_custom_color=&#8221;#004a8c&#8221;][\/vc_cta][vc_empty_space height=&#8221;15px&#8221;][\/vc_column][\/vc_row][vc_row 0=&#8221;&#8221; row_mask_bg=&#8221;&#8221; row_arrow=&#8221;&#8221;][vc_column 0=&#8221;&#8221; width=&#8221;1\/6&#8243;][vc_single_image image=&#8221;5968&#8243; img_size=&#8221;medium&#8221; vc_none_hover_effect=&#8221;&#8221;][\/vc_column][vc_column width=&#8221;1\/6&#8243;][vc_single_image image=&#8221;6254&#8243; img_size=&#8221;medium&#8221; vc_none_hover_effect=&#8221;&#8221;][\/vc_column][vc_column width=&#8221;1\/6&#8243;][vc_single_image image=&#8221;6258&#8243; img_size=&#8221;medium&#8221; vc_none_hover_effect=&#8221;&#8221;][\/vc_column][vc_column width=&#8221;1\/6&#8243;][vc_single_image image=&#8221;6258&#8243; img_size=&#8221;medium&#8221; vc_none_hover_effect=&#8221;&#8221;][\/vc_column][vc_column width=&#8221;1\/6&#8243;][vc_single_image image=&#8221;6258&#8243; img_size=&#8221;medium&#8221; vc_none_hover_effect=&#8221;&#8221;][\/vc_column][vc_column width=&#8221;1\/6&#8243;][vc_single_image image=&#8221;6258&#8243; img_size=&#8221;medium&#8221; vc_none_hover_effect=&#8221;&#8221;][\/vc_column][\/vc_row][vc_row][vc_column][vc_separator color=&#8221;custom&#8221; accent_color=&#8221;#eac946&#8243;][\/vc_column][\/vc_row][vc_row][vc_column width=&#8221;1\/2&#8243;][vc_cta h2=&#8221;INCLUDED&#8221; h2_font_container=&#8221;font_size:20|color:%23004a8c|line_height:0&#8243; h2_google_fonts=&#8221;font_family:Open%20Sans%3A300%2C300italic%2Cregular%2Citalic%2C600%2C600italic%2C700%2C700italic%2C800%2C800italic|font_style:400%20regular%3A400%3Anormal&#8221; shape=&#8221;square&#8221; style=&#8221;flat&#8221; color=&#8221;white&#8221; use_custom_fonts_h2=&#8221;true&#8221; css=&#8221;.vc_custom_1507102765196{background-color: #ffffff !important;}&#8221;]<\/p>\n<ul>\n<li>Bicycle + lock<\/li>\n<li>Helmet<\/li>\n<li>Insurance<\/li>\n<li>Bike guide<\/li>\n<\/ul>\n<p>[\/vc_cta][\/vc_column][vc_column width=&#8221;1\/2&#8243;][vc_cta h2=&#8221;NOT INCLUDED&#8221; h2_font_container=&#8221;font_size:20|color:%23004a8c|line_height:0&#8243; h2_google_fonts=&#8221;font_family:Open%20Sans%3A300%2C300italic%2Cregular%2Citalic%2C600%2C600italic%2C700%2C700italic%2C800%2C800italic|font_style:400%20regular%3A400%3Anormal&#8221; shape=&#8221;square&#8221; style=&#8221;flat&#8221; use_custom_fonts_h2=&#8221;true&#8221; css=&#8221;.vc_custom_1507102785798{background-color: #ffffff !important;}&#8221;]<\/p>\n<ul>\n<li>Food and beverages<\/li>\n<\/ul>\n<p>[\/vc_cta][\/vc_column][\/vc_row][vc_row][vc_column][vc_separator color=&#8221;custom&#8221; accent_color=&#8221;#eac946&#8243;][vc_empty_space height=&#8221;15px&#8221;][\/vc_column][\/vc_row][vc_row full_width=&#8221;1&#8243; bg_style=&#8221;bg-effect-lg&#8221; row_mask_bg=&#8221;&#8221; row_arrow=&#8221;&#8221; el_class=&#8221;p-20-cont&#8221; row_id=&#8221;contact-link&#8221; css=&#8221;.vc_custom_1506686303106{background-color: #d6d6d6 !important;}&#8221;][vc_column width=&#8221;1\/6&#8243;][\/vc_column][vc_column width=&#8221;1\/6&#8243;][vc_empty_space height=&#8221;10px&#8221;][vc_custom_heading text=&#8221;INFO &amp; BOOKING&#8221; font_container=&#8221;tag:h3|font_size:25px|text_align:left|color:%23124f8c&#8221; google_fonts=&#8221;font_family:Lato%3A100%2C100italic%2C300%2C300italic%2Cregular%2Citalic%2C700%2C700italic%2C900%2C900italic|font_style:700%20bold%20regular%3A700%3Anormal&#8221; cms_heading_specolor=&#8221;true&#8221; link=&#8221;url:http%3A%2F%2Fmagtours.com%2Fweb%2Fcontact-2%2F|||&#8221;][\/vc_column][vc_column width=&#8221;1\/6&#8243;][cms_contact_info icon_type=&#8221;lineaicon&#8221; icon_lineaicon=&#8221;icon icon-basic-mail&#8221; cms_template=&#8221;cms_contact_info.php&#8221;]<a href=\"mailto:magtours@magtours.com\">magtours@magtours.com<\/a><\/p>\n<p>Draga 1, 22 000 \u0160ibenik<\/p>\n<p>CROATIA[\/cms_contact_info][\/vc_column][vc_column width=&#8221;1\/2&#8243;][cms_contact_info title=&#8221;CALL US&#8221; icon_type=&#8221;elegant&#8221; icon_elegant=&#8221;icon_mobile&#8221; cms_template=&#8221;cms_contact_info.php&#8221;]tel:\u00a0 \u00a0+385 22 201 150<\/p>\n<p>fax:\u00a0 \u00a0+385 22 201 155<\/p>\n<p>mob: +385 98 291 814[\/cms_contact_info][\/vc_column][\/vc_row][vc_column][\/vc_column][vc_column width=&#8221;2\/3&#8243;][\/vc_column][vc_column][\/vc_column][vc_column][\/vc_column][vc_column width=&#8221;2\/3&#8243;][\/vc_column][vc_column][\/vc_column][vc_column 0=&#8221;&#8221;][\/vc_column]<\/p>\n<\/div>","protected":false},"excerpt":{"rendered":"<p>[vc_row full_width=&#8221;1&#8243;][vc_column][vc_single_image image=&#8221;6490&#8243; img_size=&#8221;full&#8221; vc_none_hover_effect=&#8221;&#8221;][\/vc_column][\/vc_row][vc_row css=&#8221;.vc_custom_1506422373361{margin-bottom: 0px !important;}&#8221;][vc_column width=&#8221;2\/3&#8243;][vc_empty_space 0=&#8221;&#8221; height=&#8221;10px&#8221;][vc_cta h2=&#8221;DAILY&#8221; h2_font_container=&#8221;font_size:20|color:%23004a8c|line_height:2&#8243; h2_google_fonts=&#8221;font_family:Open%20Sans%3A300%2C300italic%2Cregular%2Citalic%2C600%2C600italic%2C700%2C700italic%2C800%2C800italic|font_style:600%20bold%20regular%3A600%3Anormal&#8221; h2_css_animation=&#8221;fadeIn&#8221; h4=&#8221;Small groups (4 &#8211; up to 15 people)&#8221; h4_font_container=&#8221;font_size:15|color:%23004a8c|line_height:0&#8243; h4_google_fonts=&#8221;font_family:Open%20Sans%3A300%2C300italic%2Cregular%2Citalic%2C600%2C600italic%2C700%2C700italic%2C800%2C800italic|font_style:300%20light%20regular%3A300%3Anormal&#8221;<\/p>\n","protected":false},"author":2,"featured_media":0,"parent":0,"menu_order":0,"comment_status":"closed","ping_status":"closed","template":"","meta":{"footnotes":""},"class_list":["post-6444","page","type-page","status-publish","hentry"],"_links":{"self":[{"href":"http:\/\/magtours.com\/web\/wp-json\/wp\/v2\/pages\/6444","targetHints":{"allow":["GET"]}}],"collection":[{"href":"http:\/\/magtours.com\/web\/wp-json\/wp\/v2\/pages"}],"about":[{"href":"http:\/\/magtours.com\/web\/wp-json\/wp\/v2\/types\/page"}],"author":[{"embeddable":true,"href":"http:\/\/magtours.com\/web\/wp-json\/wp\/v2\/users\/2"}],"replies":[{"embeddable":true,"href":"http:\/\/magtours.com\/web\/wp-json\/wp\/v2\/comments?post=6444"}],"version-history":[{"count":7,"href":"http:\/\/magtours.com\/web\/wp-json\/wp\/v2\/pages\/6444\/revisions"}],"predecessor-version":[{"id":6497,"href":"http:\/\/magtours.com\/web\/wp-json\/wp\/v2\/pages\/6444\/revisions\/6497"}],"wp:attachment":[{"href":"http:\/\/magtours.com\/web\/wp-json\/wp\/v2\/media?parent=6444"}],"curies":[{"name":"wp","href":"https:\/\/api.w.org\/{rel}","templated":true}]}}